{"id":418,"date":"2023-02-21T12:10:48","date_gmt":"2023-02-21T12:10:48","guid":{"rendered":"https:\/\/baddesign-weigel.de\/?page_id=418"},"modified":"2023-02-28T12:37:15","modified_gmt":"2023-02-28T12:37:15","slug":"ueber-uns","status":"publish","type":"page","link":"https:\/\/baddesign-weigel.de\/?page_id=418","title":{"rendered":"\u00dcber uns"},"content":{"rendered":"\n<p>Die Firma Baddesign Weigel wurde am 29.02.2012 von Jan Weigel gegr\u00fcndet und firmierte vorerst im Bereich der Pflegetechnik.<\/p>\n\n\n\n<p>Wenig sp\u00e4ter kam eine Kooperation mit der Firma Kermi GmbH als Montagedienst hinzu, welche bis heute noch anh\u00e4lt.<\/p>\n\n\n\n<p>Vielmehr besch\u00e4ftigen wir uns dennoch im Bereich der Sanit\u00e4rtechnik und Badsanierung bzw. Badneubau (alles aus einer Hand).<\/p>\n\n\n\n<p>Seit 2018 wird die Firma unter dem Name &#8222;Baddesign &amp; W\u00e4rmetechnik Weigel GmbH&#8220; gef\u00fchrt.<\/p>\n\n\n\n<p>Am 01.03.2022 \u00fcbernahm Herr Weigel die Firma Nobis Haustechnik aus Oederan OT B\u00f6rnichen, holte diese zum Standort in Brand-Erbisdorf, und hat damit seinen Wirkungskreis auf den Heizungsbau sowie Heizungswartungen erweitert.<\/p>\n\n\n\n<p>Seit 01.03.2023 wird nun die Firma unter &#8222;Nobis &#8211; Baddesign &amp; W\u00e4rmtetechnik Weigel GmbH&#8220; gef\u00fchrt.<\/p>\n\n\n\n<figure class=\"wp-block-image size-large\"><img loading=\"lazy\" decoding=\"async\" width=\"1024\" height=\"737\" src=\"https:\/\/baddesign-weigel.de\/wp-content\/uploads\/2023\/02\/FB_IMG_1676981196092-1024x737.jpg\" alt=\"\" class=\"wp-image-419\" srcset=\"https:\/\/baddesign-weigel.de\/wp-content\/uploads\/2023\/02\/FB_IMG_1676981196092-1024x737.jpg 1024w, https:\/\/baddesign-weigel.de\/wp-content\/uploads\/2023\/02\/FB_IMG_1676981196092-300x216.jpg 300w, https:\/\/baddesign-weigel.de\/wp-content\/uploads\/2023\/02\/FB_IMG_1676981196092-768x553.jpg 768w, https:\/\/baddesign-weigel.de\/wp-content\/uploads\/2023\/02\/FB_IMG_1676981196092.jpg 1080w\" sizes=\"auto, (max-width: 709px) 85vw, (max-width: 909px) 67vw, (max-width: 1362px) 62vw, 840px\" \/><\/figure>\n\n\n\n<p><\/p>\n\n\n\n<p><\/p>\n\n\n\n<p><\/p>\n\n\n\n<h5 class=\"wp-block-heading\"><strong>Sprechzeiten B\u00fcro:<\/strong><\/h5>\n\n\n\n<p>Montag- Donnerstag: 07.30 &#8211; 16.00 Uhr&nbsp; &nbsp; &nbsp; &nbsp; &nbsp; &nbsp; &nbsp; &nbsp; &nbsp; &nbsp; &nbsp; &nbsp; &nbsp; &nbsp; &nbsp; &nbsp; &nbsp; &nbsp; &nbsp; &nbsp; &nbsp; &nbsp; &nbsp; &nbsp; &nbsp; &nbsp; &nbsp; &nbsp; &nbsp; &nbsp; &nbsp; &nbsp; &nbsp; &nbsp; &nbsp; &nbsp; &nbsp; &nbsp; &nbsp; &nbsp; &nbsp; &nbsp; &nbsp; &nbsp; &nbsp; &nbsp; &nbsp; &nbsp; &nbsp; &nbsp; &nbsp; &nbsp; &nbsp; &nbsp; &nbsp; &nbsp; &nbsp; &nbsp; &nbsp; &nbsp; &nbsp; &nbsp; &nbsp; &nbsp; &nbsp; &nbsp; &nbsp; &nbsp; &nbsp; &nbsp; &nbsp; &nbsp; &nbsp; &nbsp; &nbsp; &nbsp; &nbsp; &nbsp; &nbsp; &nbsp; &nbsp; &nbsp; &nbsp; &nbsp; &nbsp;Freitag: 07.30 &#8211; 15.00 Uhr<\/p>\n\n\n\n<p><strong>Telefonnummer : 037322\/511701<\/strong><\/p>\n\n\n\n<p><strong>E-Mail: info@baddesign-weigel.de<\/strong><\/p>\n\n\n\n<p>Vereinbaren sie gern mit uns ein Beratungsgespr\u00e4ch.<\/p>\n","protected":false},"excerpt":{"rendered":"<p>Die Firma Baddesign Weigel wurde am 29.02.2012 von Jan Weigel gegr\u00fcndet und firmierte vorerst im Bereich der Pflegetechnik. Wenig sp\u00e4ter kam eine Kooperation mit der Firma Kermi GmbH als Montagedienst hinzu, welche bis heute noch anh\u00e4lt. Vielmehr besch\u00e4ftigen wir uns dennoch im Bereich der Sanit\u00e4rtechnik und Badsanierung bzw. Badneubau (alles aus einer Hand). Seit 2018 &hellip; <a href=\"https:\/\/baddesign-weigel.de\/?page_id=418\" class=\"more-link\"><span class=\"screen-reader-text\">\u201e\u00dcber uns\u201c<\/span> weiterlesen<\/a><\/p>\n","protected":false},"author":1,"featured_media":0,"parent":0,"menu_order":0,"comment_status":"closed","ping_status":"closed","template":"","meta":{"footnotes":""},"class_list":["post-418","page","type-page","status-publish","hentry"],"_links":{"self":[{"href":"https:\/\/baddesign-weigel.de\/index.php?rest_route=\/wp\/v2\/pages\/418","targetHints":{"allow":["GET"]}}],"collection":[{"href":"https:\/\/baddesign-weigel.de\/index.php?rest_route=\/wp\/v2\/pages"}],"about":[{"href":"https:\/\/baddesign-weigel.de\/index.php?rest_route=\/wp\/v2\/types\/page"}],"author":[{"embeddable":true,"href":"https:\/\/baddesign-weigel.de\/index.php?rest_route=\/wp\/v2\/users\/1"}],"replies":[{"embeddable":true,"href":"https:\/\/baddesign-weigel.de\/index.php?rest_route=%2Fwp%2Fv2%2Fcomments&post=418"}],"version-history":[{"count":4,"href":"https:\/\/baddesign-weigel.de\/index.php?rest_route=\/wp\/v2\/pages\/418\/revisions"}],"predecessor-version":[{"id":431,"href":"https:\/\/baddesign-weigel.de\/index.php?rest_route=\/wp\/v2\/pages\/418\/revisions\/431"}],"wp:attachment":[{"href":"https:\/\/baddesign-weigel.de\/index.php?rest_route=%2Fwp%2Fv2%2Fmedia&parent=418"}],"curies":[{"name":"wp","href":"https:\/\/api.w.org\/{rel}","templated":true}]}}