{"id":18,"date":"2018-01-29T12:54:29","date_gmt":"2018-01-29T12:54:29","guid":{"rendered":"http:\/\/baddesign-weigel.de\/?page_id=18"},"modified":"2023-02-28T12:38:35","modified_gmt":"2023-02-28T12:38:35","slug":"impressum","status":"publish","type":"page","link":"https:\/\/baddesign-weigel.de\/?page_id=18","title":{"rendered":"Impressum"},"content":{"rendered":"<p align=\"JUSTIFY\"><span style=\"color: #111111;\"><span style=\"font-family: SourceSansPro-Bold, sans-serif;\"><span style=\"font-size: xx-large;\"><b>Impressum<\/b><\/span><\/span><\/span><\/p>\n<p align=\"JUSTIFY\"><span style=\"color: #000000;\"><span style=\"font-family: SourceSansPro-Regular, sans-serif;\"><span style=\"font-size: medium;\">Angaben gem\u00e4\u00df \u00a7 5 TMG:<\/span><\/span><\/span><\/p>\n<p align=\"JUSTIFY\"><span style=\"color: #000000;\"><span style=\"font-family: SourceSansPro-Regular, sans-serif;\"><span style=\"font-size: medium;\">Nobis &#8211; Baddesign &amp; W\u00e4rmetechnik Weigel GmbH<\/span><\/span><\/span><\/p>\n<p align=\"JUSTIFY\"><span style=\"color: #000000;\"><span style=\"font-family: SourceSansPro-Regular, sans-serif;\"><span style=\"font-size: medium;\">Dammstra\u00dfe 3<\/span><\/span><\/span><\/p>\n<p align=\"JUSTIFY\"><span style=\"color: #000000;\"><span style=\"font-family: SourceSansPro-Regular, sans-serif;\"><span style=\"font-size: medium;\">09618 Brand-Erbisdorf\u00a0<\/span><\/span><\/span><\/p>\n<p align=\"JUSTIFY\">Gesch\u00e4ftsf\u00fchrer : Jan Weigel<\/p>\n<p align=\"JUSTIFY\"><span style=\"color: #111111;\"><span style=\"font-family: SourceSansPro-Bold, sans-serif;\"><span style=\"font-size: xx-large;\"><b>Kontakt:<\/b><\/span><\/span><\/span><\/p>\n<p align=\"JUSTIFY\"><span style=\"color: #000000;\"><span style=\"font-family: SourceSansPro-Bold, sans-serif;\"><span style=\"font-size: small;\"><span style=\"font-family: TimesNewRomanPSMT, serif;\"><span style=\"font-size: medium;\">Telefon: +49 (0) <\/span><\/span><span style=\"font-family: TimesNewRomanPS-BoldMT;\"><span style=\"font-size: medium;\">37322-511701<\/span><\/span><\/span><\/span><\/span><\/p>\n<p align=\"JUSTIFY\"><span style=\"color: #000000;\"><span style=\"font-family: TimesNewRomanPSMT, serif;\"><span style=\"font-size: medium;\">E-Mail: info@baddesign-weigel.de<\/span><\/span><\/span><\/p>\n<p align=\"JUSTIFY\"><span style=\"color: #111111;\"><span style=\"font-family: SourceSansPro-Bold, sans-serif;\"><span style=\"font-size: xx-large;\"><b>Gemeindekennzahl der Betriebsst\u00e4tte (Sitz):<\/b><\/span><\/span><\/span><\/p>\n<p align=\"JUSTIFY\"><span style=\"color: #000000;\"><span style=\"font-family: SourceSansPro-Regular, sans-serif;\"><span style=\"font-size: medium;\">14522050:-:2012-0000-08<\/span><\/span><\/span><\/p>\n<p align=\"JUSTIFY\"><span style=\"color: #111111;\"><span style=\"font-family: SourceSansPro-Bold, sans-serif;\"><span style=\"font-size: xx-large;\"><b>Umsatzsteuer-ID:<\/b><\/span><\/span><\/span><\/p>\n<p align=\"JUSTIFY\"><span style=\"color: #000000;\"><span style=\"font-family: SourceSansPro-Regular, sans-serif;\"><span style=\"font-size: medium;\">Umsatzsteuer-Identifikationsnummer gem\u00e4\u00df \u00a727 a Umsatzsteuergesetz:<\/span><\/span><\/span><\/p>\n<p align=\"JUSTIFY\"><span style=\"color: #000000;\"><span style=\"font-family: SourceSansPro-Regular, sans-serif;\"><span style=\"font-size: medium;\">DE 319476338<\/span><\/span><\/span><\/p>\n<p align=\"JUSTIFY\"><span style=\"color: #111111;\"><span style=\"font-family: SourceSansPro-Bold, sans-serif;\"><span style=\"font-size: xx-large;\"><b>Aufsichtsbeh\u00f6rde:<\/b><\/span><\/span><\/span><\/p>\n<p align=\"JUSTIFY\"><span style=\"color: #000000;\"><span style=\"font-family: SourceSansPro-Regular, sans-serif;\"><span style=\"font-size: medium;\">Stadtverwaltung Brand-Erbisdorf<\/span><\/span><\/span><\/p>\n<p align=\"JUSTIFY\"><span style=\"color: #000000;\"><span style=\"font-family: SourceSansPro-Bold, sans-serif;\"><span style=\"font-size: small;\"><span style=\"font-family: SourceSansPro-Regular, sans-serif;\"><span style=\"font-size: medium;\">Quelle: Erstellt durch den <\/span><\/span><span style=\"color: #faa746;\"><span style=\"font-family: SourceSansPro-Regular, sans-serif;\"><span style=\"font-size: medium;\">Impressum-Generator <\/span><\/span><\/span><span style=\"font-family: SourceSansPro-Regular, sans-serif;\"><span style=\"font-size: medium;\">der Kanzlei Siebert<\/span><\/span><\/span><\/span><\/span><\/p>\n<p align=\"JUSTIFY\"><span style=\"color: #111111;\"><span style=\"font-family: SourceSansPro-Bold, sans-serif;\"><span style=\"font-size: xx-large;\"><b>Haftungsausschluss:<\/b><\/span><\/span><\/span><\/p>\n<p align=\"JUSTIFY\"><span style=\"color: #000000;\"><span style=\"font-family: SourceSansPro-Regular, sans-serif;\"><span style=\"font-size: medium;\">Haftung f\u00fcr Inhalte<\/span><\/span><\/span><\/p>\n<p align=\"JUSTIFY\"><span style=\"color: #000000;\"><span style=\"font-family: SourceSansPro-Regular, sans-serif;\"><span style=\"font-size: medium;\">Die Inhalte unserer Seiten wurden mit gr\u00f6\u00dfter Sorgfalt erstellt. F\u00fcr die Richtigkeit, Vollst\u00e4ndigkeit\u00a0<\/span><\/span><\/span><span style=\"color: #000000;\"><span style=\"font-family: SourceSansPro-Regular, sans-serif;\"><span style=\"font-size: medium;\">und Aktualit\u00e4t der Inhalte k\u00f6nnen wir jedoch keine Gew\u00e4hr \u00fcbernehmen. Als Dienstanbieter\u00a0<\/span><\/span><\/span><span style=\"color: #000000;\"><span style=\"font-family: SourceSansPro-Regular, sans-serif;\"><span style=\"font-size: medium;\">sind wir gem\u00e4\u00df \u00a7 7 Abs.1 TMG f\u00fcr eigene Inhalte auf diesen Seiten nach den allgemeinen Gesetzen\u00a0<\/span><\/span><\/span><span style=\"color: #000000;\"><span style=\"font-family: SourceSansPro-Regular, sans-serif;\"><span style=\"font-size: medium;\">verantwortlich. Nach \u00a7\u00a7 8 bis 10 TMG sind wir als Dienstanbieter jedoch nicht verpflichtet,\u00a0<\/span><\/span><\/span><span style=\"color: #000000;\"><span style=\"font-family: SourceSansPro-Regular, sans-serif;\"><span style=\"font-size: medium;\">\u00fcbermittelte oder gespeicherte fremde Informationen zu \u00fcberwachen oder nach Umst\u00e4nden\u00a0<\/span><\/span><\/span><span style=\"color: #000000;\"><span style=\"font-family: SourceSansPro-Regular, sans-serif;\"><span style=\"font-size: medium;\">zu forschen, die auf eine rechtswidrige T\u00e4tigkeit hinweisen. Verpflichtungen zur Entfernung oder\u00a0<\/span><\/span><\/span><span style=\"color: #000000;\"><span style=\"font-family: SourceSansPro-Regular, sans-serif;\"><span style=\"font-size: medium;\">Sperrung der Nutzung von Informationen nach den allgemeinen Gesetzen bleiben hiervon unber\u00fchrt.\u00a0<\/span><\/span><\/span><span style=\"color: #000000;\"><span style=\"font-family: SourceSansPro-Regular, sans-serif;\"><span style=\"font-size: medium;\">Eine diesbez\u00fcgliche Haftung ist jedoch erst ab dem Zeitpunkt der Kenntnis einer konkreten\u00a0<\/span><\/span><\/span><span style=\"color: #000000;\"><span style=\"font-family: SourceSansPro-Regular, sans-serif;\"><span style=\"font-size: medium;\">Rechtsverletzung m\u00f6glich. Bei Bekanntwerden von entsprechenden Rechtsverletzungen\u00a0<\/span><\/span><\/span><span style=\"color: #000000;\"><span style=\"font-family: SourceSansPro-Regular, sans-serif;\"><span style=\"font-size: medium;\">werden wir diese Inhalte umgehend entfernen.\u00a0<\/span><\/span><\/span><span style=\"color: #000000;\"><span style=\"font-family: SourceSansPro-Regular, sans-serif;\"><span style=\"font-size: medium;\">Haftung f\u00fcr Links\u00a0<\/span><\/span><\/span><span style=\"color: #000000;\"><span style=\"font-family: SourceSansPro-Regular, sans-serif;\"><span style=\"font-size: medium;\">Unser Angebot enth\u00e4lt Links zu externen Webseiten Dritter, auf deren Inhalte wir keinen Einfluss\u00a0<\/span><\/span><\/span><span style=\"color: #000000;\"><span style=\"font-family: SourceSansPro-Regular, sans-serif;\"><span style=\"font-size: medium;\">haben. Deshalb k\u00f6nnen wir f\u00fcr diese fremden Inhalte auch keine Gew\u00e4hr \u00fcbernehmen. F\u00fcr die\u00a0<\/span><\/span><\/span><span style=\"color: #000000;\"><span style=\"font-family: SourceSansPro-Regular, sans-serif;\"><span style=\"font-size: medium;\">Inhalte der verlinkten Seiten ist stets der jeweilige Anbieter oder Betreiber der Seiten verantwortlich.\u00a0<\/span><\/span><\/span><span style=\"color: #000000;\"><span style=\"font-family: SourceSansPro-Regular, sans-serif;\"><span style=\"font-size: medium;\">Die verlinkten Seiten wurden zum Zeitpunkt der Verlinkung auf m\u00f6gliche Rechtsverst\u00f6\u00dfe\u00a0<\/span><\/span><\/span><span style=\"color: #000000;\"><span style=\"font-family: SourceSansPro-Regular, sans-serif;\"><span style=\"font-size: medium;\">\u00fcberpr\u00fcft. Rechtswidrige Inhalte waren zum Zeitpunkt der Verlinkung nicht erkennbar. Eine\u00a0<\/span><\/span><\/span><span style=\"color: #000000;\"><span style=\"font-family: SourceSansPro-Regular, sans-serif;\"><span style=\"font-size: medium;\">permanente inhaltliche Kontrolle der verlinkten Seiten ist jedoch ohne konkrete Anhaltspunkte\u00a0<\/span><\/span><\/span><span style=\"color: #000000;\"><span style=\"font-family: SourceSansPro-Regular, sans-serif;\"><span style=\"font-size: medium;\">einer Rechtsverletzung nicht zumutbar. Bei Bekanntwerden von Rechtsverletzungen werden wir\u00a0<\/span><\/span><\/span><span style=\"color: #000000;\"><span style=\"font-family: SourceSansPro-Regular, sans-serif;\"><span style=\"font-size: medium;\">derartige Links umgehend entfernen.<\/span><\/span><\/span><\/p>\n<p align=\"JUSTIFY\"><span style=\"color: #000000;\"><span style=\"font-family: SourceSansPro-Regular, sans-serif;\"><span style=\"font-size: medium;\">Urheberrecht<\/span><\/span><\/span><\/p>\n<p align=\"JUSTIFY\"><span style=\"color: #000000;\"><span style=\"font-family: SourceSansPro-Regular, sans-serif;\"><span style=\"font-size: medium;\">Die durch die Seitenbetreiber erstellten Inhalte und Werke auf diesen Seiten unterliegen dem\u00a0<\/span><\/span><\/span><span style=\"color: #000000;\"><span style=\"font-family: SourceSansPro-Regular, sans-serif;\"><span style=\"font-size: medium;\">deutschen Urheberrecht. Die Vervielf\u00e4ltigung, Bearbeitung, Verbreitung und jede Art der Verwertung\u00a0<\/span><\/span><\/span><span style=\"color: #000000;\"><span style=\"font-family: SourceSansPro-Regular, sans-serif;\"><span style=\"font-size: medium;\">au\u00dferhalb der Grenzen des Urheberrechtes bed\u00fcrfen der schriftlichen Zustimmung des jeweiligen\u00a0<\/span><\/span><\/span><span style=\"color: #000000;\"><span style=\"font-family: SourceSansPro-Regular, sans-serif;\"><span style=\"font-size: medium;\">Autors bzw. Erstellers. Downloads und Kopien dieser Seite sind nur f\u00fcr den privaten,\u00a0<\/span><\/span><\/span><span style=\"color: #000000;\"><span style=\"font-family: SourceSansPro-Regular, sans-serif;\"><span style=\"font-size: medium;\">nicht kommerziellen Gebrauch gestattet. Soweit die Inhalte auf dieser Seite nicht vom Betreiber\u00a0<\/span><\/span><\/span><span style=\"color: #000000;\"><span style=\"font-family: SourceSansPro-Regular, sans-serif;\"><span style=\"font-size: medium;\">erstellt wurden, werden die Urheberrechte Dritter beachtet. Insbesondere werden Inhalte Dritter\u00a0<\/span><\/span><\/span><span style=\"color: #000000;\"><span style=\"font-family: SourceSansPro-Regular, sans-serif;\"><span style=\"font-size: medium;\">als solche gekennzeichnet. Sollten Sie trotzdem auf eine Urheberrechtsverletzung aufmerksam\u00a0<\/span><\/span><\/span><span style=\"color: #000000;\"><span style=\"font-family: SourceSansPro-Regular, sans-serif;\"><span style=\"font-size: medium;\">werden, bitten wir um einen entsprechenden Hinweis. Bei Bekanntwerden von Rechtsverletzungen\u00a0<\/span><\/span><\/span><span style=\"color: #000000;\"><span style=\"font-family: SourceSansPro-Regular, sans-serif;\"><span style=\"font-size: medium;\">werden wir derartige Inhalte umgehend entfernen.<\/span><\/span><\/span><\/p>\n<p align=\"JUSTIFY\"><span style=\"color: #000000;\"><span style=\"font-family: SourceSansPro-Regular, sans-serif;\"><span style=\"font-size: medium;\">Datenschutz<\/span><\/span><\/span><\/p>\n<p align=\"JUSTIFY\"><span style=\"color: #000000;\"><span style=\"font-family: SourceSansPro-Regular, sans-serif;\"><span style=\"font-size: medium;\">Die Nutzung unserer Webseite ist in der Regel ohne Angabe personenbezogener Daten m\u00f6glich.\u00a0<\/span><\/span><\/span><span style=\"color: #000000;\"><span style=\"font-family: SourceSansPro-Regular, sans-serif;\"><span style=\"font-size: medium;\">Soweit auf unseren Seiten personenbezogene Daten (beispielsweise Name, Anschrift oder E-Mail-<\/span><\/span><\/span><span style=\"color: #000000;\"><span style=\"font-family: SourceSansPro-Regular, sans-serif;\"><span style=\"font-size: medium;\">Adressen) erhoben werden, erfolgt dies, soweit m\u00f6glich, stets auf freiwilliger Basis. Diese Daten\u00a0<\/span><\/span><\/span><span style=\"color: #000000;\"><span style=\"font-family: SourceSansPro-Regular, sans-serif;\"><span style=\"font-size: medium;\">werden ohne Ihre ausdr\u00fcckliche Zustimmung nicht an Dritte weitergegeben\u00a0<\/span><\/span><\/span><span style=\"color: #000000;\"><span style=\"font-family: SourceSansPro-Regular, sans-serif;\"><span style=\"font-size: medium;\">Wir weisen darauf hin, dass die Daten\u00fcbertragung im Internet (z.B. bei der Kommunikation per\u00a0<\/span><\/span><\/span><span style=\"color: #000000;\"><span style=\"font-family: SourceSansPro-Regular, sans-serif;\"><span style=\"font-size: medium;\">E-Mail) Sicherheitsl\u00fccken aufweisen kann. Ein l\u00fcckenloser Schutz der Daten vor dem Zugriff\u00a0<\/span><\/span><\/span><span style=\"color: #000000;\"><span style=\"font-family: SourceSansPro-Regular, sans-serif;\"><span style=\"font-size: medium;\">durch Dritte ist nicht m\u00f6glich. Der Nutzung von im Rahmen der Impressiumspflicht ver\u00f6ffentlichten\u00a0<\/span><\/span><\/span><span style=\"color: #000000;\"><span style=\"font-family: SourceSansPro-Regular, sans-serif;\"><span style=\"font-size: medium;\">Kontaktdaten durch Dritte zur \u00dcbersendung von nicht ausdr\u00fccklich angeforderter Werbung\u00a0<\/span><\/span><\/span><span style=\"color: #000000;\"><span style=\"font-family: SourceSansPro-Regular, sans-serif;\"><span style=\"font-size: medium;\">und Informationsmaterialien wird hiermit ausdr\u00fccklich widersprochen.\u00a0<\/span><\/span><\/span><span style=\"color: #000000;\"><span style=\"font-family: SourceSansPro-Regular, sans-serif;\"><span style=\"font-size: medium;\">Die Betreiber der Seiten behalten sich ausdr\u00fccklich rechtliche Schritte im Falle der unverlangten\u00a0<\/span><\/span><\/span><span style=\"color: #000000;\"><span style=\"font-family: SourceSansPro-Regular, sans-serif;\"><span style=\"font-size: medium;\">Zusendung von Werbeinformationen, etwa durch Spam-Mails, vor.<\/span><\/span><\/span><\/p>\n<p align=\"JUSTIFY\"><span style=\"color: #000000;\"><span style=\"font-family: SourceSansPro-Regular, sans-serif;\"><span style=\"font-size: medium;\">Quellen: <\/span><\/span><\/span><span style=\"color: #faa746;\"><span style=\"font-family: SourceSansPro-Regular, sans-serif;\"><span style=\"font-size: medium;\">Disclaimer <\/span><\/span><\/span><span style=\"color: #000000;\"><span style=\"font-family: SourceSansPro-Regular, sans-serif;\"><span style=\"font-size: medium;\">von eRecht24, dem Portal zum Internetrecht von Rechtsanwalt S\u00f6ren Siebert<\/span><\/span><\/span><\/p>\n","protected":false},"excerpt":{"rendered":"<p>Impressum Angaben gem\u00e4\u00df \u00a7 5 TMG: Nobis &#8211; Baddesign &amp; W\u00e4rmetechnik Weigel GmbH Dammstra\u00dfe 3 09618 Brand-Erbisdorf\u00a0 Gesch\u00e4ftsf\u00fchrer : Jan Weigel Kontakt: Telefon: +49 (0) 37322-511701 E-Mail: info@baddesign-weigel.de Gemeindekennzahl der Betriebsst\u00e4tte (Sitz): 14522050:-:2012-0000-08 Umsatzsteuer-ID: Umsatzsteuer-Identifikationsnummer gem\u00e4\u00df \u00a727 a Umsatzsteuergesetz: DE 319476338 Aufsichtsbeh\u00f6rde: Stadtverwaltung Brand-Erbisdorf Quelle: Erstellt durch den Impressum-Generator der Kanzlei Siebert Haftungsausschluss: Haftung f\u00fcr &hellip; <a href=\"https:\/\/baddesign-weigel.de\/?page_id=18\" class=\"more-link\"><span class=\"screen-reader-text\">\u201eImpressum\u201c<\/span> weiterlesen<\/a><\/p>\n","protected":false},"author":1,"featured_media":0,"parent":0,"menu_order":4,"comment_status":"closed","ping_status":"closed","template":"","meta":{"footnotes":""},"class_list":["post-18","page","type-page","status-publish","hentry"],"_links":{"self":[{"href":"https:\/\/baddesign-weigel.de\/index.php?rest_route=\/wp\/v2\/pages\/18","targetHints":{"allow":["GET"]}}],"collection":[{"href":"https:\/\/baddesign-weigel.de\/index.php?rest_route=\/wp\/v2\/pages"}],"about":[{"href":"https:\/\/baddesign-weigel.de\/index.php?rest_route=\/wp\/v2\/types\/page"}],"author":[{"embeddable":true,"href":"https:\/\/baddesign-weigel.de\/index.php?rest_route=\/wp\/v2\/users\/1"}],"replies":[{"embeddable":true,"href":"https:\/\/baddesign-weigel.de\/index.php?rest_route=%2Fwp%2Fv2%2Fcomments&post=18"}],"version-history":[{"count":13,"href":"https:\/\/baddesign-weigel.de\/index.php?rest_route=\/wp\/v2\/pages\/18\/revisions"}],"predecessor-version":[{"id":434,"href":"https:\/\/baddesign-weigel.de\/index.php?rest_route=\/wp\/v2\/pages\/18\/revisions\/434"}],"wp:attachment":[{"href":"https:\/\/baddesign-weigel.de\/index.php?rest_route=%2Fwp%2Fv2%2Fmedia&parent=18"}],"curies":[{"name":"wp","href":"https:\/\/api.w.org\/{rel}","templated":true}]}}